{"id":440,"date":"2020-06-01T14:51:05","date_gmt":"2020-06-01T14:51:05","guid":{"rendered":"https:\/\/cink-nikelj.si\/?page_id=440"},"modified":"2020-06-01T14:51:07","modified_gmt":"2020-06-01T14:51:07","slug":"naparjanje-kovin-na-kovino-2","status":"publish","type":"page","link":"https:\/\/cink-nikelj.si\/?page_id=440","title":{"rendered":"NAPARJANJE KOVIN NA KOVINO"},"content":{"rendered":"\n<p>Odlikujejo nas ve\u010dletne izku\u0161nje in zelo dobro poznavanje dejavnosti v kateri delujemo. Ponudba je \u0161ir\u0161ega nabora in sicer je tukaj govora o storitvah: galvaniziranje, kositrenje, cinkanje, nikljanje, napra\u0161evanje, naparjanje kovin na kovino ipd..<\/p>\n","protected":false},"excerpt":{"rendered":"<p>Odlikujejo nas ve\u010dletne izku\u0161nje in zelo dobro poznavanje dejavnosti v kateri delujemo. Ponudba je \u0161ir\u0161ega nabora in sicer je tukaj govora o storitvah: galvaniziranje, kositrenje, cinkanje, nikljanje, napra\u0161evanje, naparjanje kovin na kovino ipd..<\/p>\n","protected":false},"author":1,"featured_media":428,"parent":0,"menu_order":0,"comment_status":"closed","ping_status":"closed","template":"","meta":{"pagelayer_contact_templates":[],"_pagelayer_content":"","footnotes":""},"class_list":["post-440","page","type-page","status-publish","has-post-thumbnail","hentry"],"yoast_head":"<!-- This site is optimized with the Yoast SEO plugin v24.9 - https:\/\/yoast.com\/wordpress\/plugins\/seo\/ -->\n<title>NAPARJANJE KOVIN NA KOVINO - JERNEJ JUKI\u010c S.P.<\/title>\n<meta name=\"robots\" content=\"index, follow, max-snippet:-1, max-image-preview:large, max-video-preview:-1\" \/>\n<link rel=\"canonical\" href=\"https:\/\/cink-nikelj.si\/?page_id=440\" \/>\n<meta property=\"og:locale\" content=\"en_US\" \/>\n<meta property=\"og:type\" content=\"article\" \/>\n<meta property=\"og:title\" content=\"NAPARJANJE KOVIN NA KOVINO - JERNEJ JUKI\u010c S.P.\" \/>\n<meta property=\"og:description\" content=\"Odlikujejo nas ve\u010dletne izku\u0161nje in zelo dobro poznavanje dejavnosti v kateri delujemo. Ponudba je \u0161ir\u0161ega nabora in sicer je tukaj govora o storitvah: galvaniziranje, kositrenje, cinkanje, nikljanje, napra\u0161evanje, naparjanje kovin na kovino ipd..\" \/>\n<meta property=\"og:url\" content=\"https:\/\/cink-nikelj.si\/?page_id=440\" \/>\n<meta property=\"og:site_name\" content=\"JERNEJ JUKI\u010c S.P.\" \/>\n<meta property=\"article:publisher\" content=\"https:\/\/www.facebook.com\/\" \/>\n<meta property=\"article:modified_time\" content=\"2020-06-01T14:51:07+00:00\" \/>\n<meta property=\"og:image\" content=\"https:\/\/cink-nikelj.si\/wp-content\/uploads\/2020\/06\/j.jpg\" \/>\n\t<meta property=\"og:image:width\" content=\"743\" \/>\n\t<meta property=\"og:image:height\" content=\"422\" \/>\n\t<meta property=\"og:image:type\" content=\"image\/jpeg\" \/>\n<meta name=\"twitter:card\" content=\"summary_large_image\" \/>\n<script type=\"application\/ld+json\" class=\"yoast-schema-graph\">{\"@context\":\"https:\/\/schema.org\",\"@graph\":[{\"@type\":\"WebPage\",\"@id\":\"https:\/\/cink-nikelj.si\/?page_id=440\",\"url\":\"https:\/\/cink-nikelj.si\/?page_id=440\",\"name\":\"NAPARJANJE KOVIN NA KOVINO - JERNEJ JUKI\u010c S.P.\",\"isPartOf\":{\"@id\":\"https:\/\/cink-nikelj.si\/#website\"},\"primaryImageOfPage\":{\"@id\":\"https:\/\/cink-nikelj.si\/?page_id=440#primaryimage\"},\"image\":{\"@id\":\"https:\/\/cink-nikelj.si\/?page_id=440#primaryimage\"},\"thumbnailUrl\":\"https:\/\/cink-nikelj.si\/wp-content\/uploads\/2020\/06\/j.jpg\",\"datePublished\":\"2020-06-01T14:51:05+00:00\",\"dateModified\":\"2020-06-01T14:51:07+00:00\",\"breadcrumb\":{\"@id\":\"https:\/\/cink-nikelj.si\/?page_id=440#breadcrumb\"},\"inLanguage\":\"en-US\",\"potentialAction\":[{\"@type\":\"ReadAction\",\"target\":[\"https:\/\/cink-nikelj.si\/?page_id=440\"]}]},{\"@type\":\"ImageObject\",\"inLanguage\":\"en-US\",\"@id\":\"https:\/\/cink-nikelj.si\/?page_id=440#primaryimage\",\"url\":\"https:\/\/cink-nikelj.si\/wp-content\/uploads\/2020\/06\/j.jpg\",\"contentUrl\":\"https:\/\/cink-nikelj.si\/wp-content\/uploads\/2020\/06\/j.jpg\",\"width\":743,\"height\":422},{\"@type\":\"BreadcrumbList\",\"@id\":\"https:\/\/cink-nikelj.si\/?page_id=440#breadcrumb\",\"itemListElement\":[{\"@type\":\"ListItem\",\"position\":1,\"name\":\"Home\",\"item\":\"https:\/\/cink-nikelj.si\/\"},{\"@type\":\"ListItem\",\"position\":2,\"name\":\"NAPARJANJE KOVIN NA KOVINO\"}]},{\"@type\":\"WebSite\",\"@id\":\"https:\/\/cink-nikelj.si\/#website\",\"url\":\"https:\/\/cink-nikelj.si\/\",\"name\":\"OBDELAVA KOVIN, JERNEJ JUKI\u010c S.P.\",\"description\":\"\",\"publisher\":{\"@id\":\"https:\/\/cink-nikelj.si\/#organization\"},\"potentialAction\":[{\"@type\":\"SearchAction\",\"target\":{\"@type\":\"EntryPoint\",\"urlTemplate\":\"https:\/\/cink-nikelj.si\/?s={search_term_string}\"},\"query-input\":{\"@type\":\"PropertyValueSpecification\",\"valueRequired\":true,\"valueName\":\"search_term_string\"}}],\"inLanguage\":\"en-US\"},{\"@type\":\"Organization\",\"@id\":\"https:\/\/cink-nikelj.si\/#organization\",\"name\":\"jernej juki\u010d s.p\",\"url\":\"https:\/\/cink-nikelj.si\/\",\"logo\":{\"@type\":\"ImageObject\",\"inLanguage\":\"en-US\",\"@id\":\"https:\/\/cink-nikelj.si\/#\/schema\/logo\/image\/\",\"url\":\"https:\/\/cink-nikelj.si\/wp-content\/uploads\/2020\/01\/kovine.png\",\"contentUrl\":\"https:\/\/cink-nikelj.si\/wp-content\/uploads\/2020\/01\/kovine.png\",\"width\":600,\"height\":170,\"caption\":\"jernej juki\u010d s.p\"},\"image\":{\"@id\":\"https:\/\/cink-nikelj.si\/#\/schema\/logo\/image\/\"},\"sameAs\":[\"https:\/\/www.facebook.com\/\",\"https:\/\/www.instagram.com\/\",\"https:\/\/www.linkedin.com\/\",\"https:\/\/www.myspace.com\/\",\"https:\/\/www.pinterest.com\/\",\"https:\/\/www.youtube.com\/\"]}]}<\/script>\n<!-- \/ Yoast SEO plugin. -->","yoast_head_json":{"title":"NAPARJANJE KOVIN NA KOVINO - JERNEJ JUKI\u010c S.P.","robots":{"index":"index","follow":"follow","max-snippet":"max-snippet:-1","max-image-preview":"max-image-preview:large","max-video-preview":"max-video-preview:-1"},"canonical":"https:\/\/cink-nikelj.si\/?page_id=440","og_locale":"en_US","og_type":"article","og_title":"NAPARJANJE KOVIN NA KOVINO - JERNEJ JUKI\u010c S.P.","og_description":"Odlikujejo nas ve\u010dletne izku\u0161nje in zelo dobro poznavanje dejavnosti v kateri delujemo. Ponudba je \u0161ir\u0161ega nabora in sicer je tukaj govora o storitvah: galvaniziranje, kositrenje, cinkanje, nikljanje, napra\u0161evanje, naparjanje kovin na kovino ipd..","og_url":"https:\/\/cink-nikelj.si\/?page_id=440","og_site_name":"JERNEJ JUKI\u010c S.P.","article_publisher":"https:\/\/www.facebook.com\/","article_modified_time":"2020-06-01T14:51:07+00:00","og_image":[{"width":743,"height":422,"url":"https:\/\/cink-nikelj.si\/wp-content\/uploads\/2020\/06\/j.jpg","type":"image\/jpeg"}],"twitter_card":"summary_large_image","schema":{"@context":"https:\/\/schema.org","@graph":[{"@type":"WebPage","@id":"https:\/\/cink-nikelj.si\/?page_id=440","url":"https:\/\/cink-nikelj.si\/?page_id=440","name":"NAPARJANJE KOVIN NA KOVINO - JERNEJ JUKI\u010c S.P.","isPartOf":{"@id":"https:\/\/cink-nikelj.si\/#website"},"primaryImageOfPage":{"@id":"https:\/\/cink-nikelj.si\/?page_id=440#primaryimage"},"image":{"@id":"https:\/\/cink-nikelj.si\/?page_id=440#primaryimage"},"thumbnailUrl":"https:\/\/cink-nikelj.si\/wp-content\/uploads\/2020\/06\/j.jpg","datePublished":"2020-06-01T14:51:05+00:00","dateModified":"2020-06-01T14:51:07+00:00","breadcrumb":{"@id":"https:\/\/cink-nikelj.si\/?page_id=440#breadcrumb"},"inLanguage":"en-US","potentialAction":[{"@type":"ReadAction","target":["https:\/\/cink-nikelj.si\/?page_id=440"]}]},{"@type":"ImageObject","inLanguage":"en-US","@id":"https:\/\/cink-nikelj.si\/?page_id=440#primaryimage","url":"https:\/\/cink-nikelj.si\/wp-content\/uploads\/2020\/06\/j.jpg","contentUrl":"https:\/\/cink-nikelj.si\/wp-content\/uploads\/2020\/06\/j.jpg","width":743,"height":422},{"@type":"BreadcrumbList","@id":"https:\/\/cink-nikelj.si\/?page_id=440#breadcrumb","itemListElement":[{"@type":"ListItem","position":1,"name":"Home","item":"https:\/\/cink-nikelj.si\/"},{"@type":"ListItem","position":2,"name":"NAPARJANJE KOVIN NA KOVINO"}]},{"@type":"WebSite","@id":"https:\/\/cink-nikelj.si\/#website","url":"https:\/\/cink-nikelj.si\/","name":"OBDELAVA KOVIN, JERNEJ JUKI\u010c S.P.","description":"","publisher":{"@id":"https:\/\/cink-nikelj.si\/#organization"},"potentialAction":[{"@type":"SearchAction","target":{"@type":"EntryPoint","urlTemplate":"https:\/\/cink-nikelj.si\/?s={search_term_string}"},"query-input":{"@type":"PropertyValueSpecification","valueRequired":true,"valueName":"search_term_string"}}],"inLanguage":"en-US"},{"@type":"Organization","@id":"https:\/\/cink-nikelj.si\/#organization","name":"jernej juki\u010d s.p","url":"https:\/\/cink-nikelj.si\/","logo":{"@type":"ImageObject","inLanguage":"en-US","@id":"https:\/\/cink-nikelj.si\/#\/schema\/logo\/image\/","url":"https:\/\/cink-nikelj.si\/wp-content\/uploads\/2020\/01\/kovine.png","contentUrl":"https:\/\/cink-nikelj.si\/wp-content\/uploads\/2020\/01\/kovine.png","width":600,"height":170,"caption":"jernej juki\u010d s.p"},"image":{"@id":"https:\/\/cink-nikelj.si\/#\/schema\/logo\/image\/"},"sameAs":["https:\/\/www.facebook.com\/","https:\/\/www.instagram.com\/","https:\/\/www.linkedin.com\/","https:\/\/www.myspace.com\/","https:\/\/www.pinterest.com\/","https:\/\/www.youtube.com\/"]}]}},"_links":{"self":[{"href":"https:\/\/cink-nikelj.si\/index.php?rest_route=\/wp\/v2\/pages\/440","targetHints":{"allow":["GET"]}}],"collection":[{"href":"https:\/\/cink-nikelj.si\/index.php?rest_route=\/wp\/v2\/pages"}],"about":[{"href":"https:\/\/cink-nikelj.si\/index.php?rest_route=\/wp\/v2\/types\/page"}],"author":[{"embeddable":true,"href":"https:\/\/cink-nikelj.si\/index.php?rest_route=\/wp\/v2\/users\/1"}],"replies":[{"embeddable":true,"href":"https:\/\/cink-nikelj.si\/index.php?rest_route=%2Fwp%2Fv2%2Fcomments&post=440"}],"version-history":[{"count":1,"href":"https:\/\/cink-nikelj.si\/index.php?rest_route=\/wp\/v2\/pages\/440\/revisions"}],"predecessor-version":[{"id":441,"href":"https:\/\/cink-nikelj.si\/index.php?rest_route=\/wp\/v2\/pages\/440\/revisions\/441"}],"wp:featuredmedia":[{"embeddable":true,"href":"https:\/\/cink-nikelj.si\/index.php?rest_route=\/wp\/v2\/media\/428"}],"wp:attachment":[{"href":"https:\/\/cink-nikelj.si\/index.php?rest_route=%2Fwp%2Fv2%2Fmedia&parent=440"}],"curies":[{"name":"wp","href":"https:\/\/api.w.org\/{rel}","templated":true}]}}